{"id":286,"date":"2026-04-10T10:36:36","date_gmt":"2026-04-10T10:36:36","guid":{"rendered":"https:\/\/lacontestana.com\/?page_id=286"},"modified":"2026-04-10T10:53:18","modified_gmt":"2026-04-10T10:53:18","slug":"haz-test","status":"publish","type":"page","link":"https:\/\/lacontestana.com\/ar\/haz-test\/","title":{"rendered":"Haz test"},"content":{"rendered":"<p>[et_pb_section fb_built=\u00bb1&#8243; admin_label=\u00bbHero\u00bb _builder_version=\u00bb4.27.6&#8243; _module_preset=\u00bbdefault\u00bb custom_padding=\u00bb||4px||false|false\u00bb hover_enabled=\u00bb0&#8243; locked=\u00bboff\u00bb collapsed=\u00bbon\u00bb global_colors_info=\u00bb{%22gcid-primary-color%22:%91%22background_mask_color%22%93}\u00bb background_enable_mask_style=\u00bbon\u00bb background_mask_style=\u00bbtriangles\u00bb background_mask_color=\u00bbgcid-primary-color\u00bb background_mask_transform=\u00bbinvert|flip_horizontal\u00bb background_mask_aspect_ratio=\u00bbportrait\u00bb background_mask_size=\u00bbcontain\u00bb sticky_enabled=\u00bb0&#8243; background_mask_position=\u00bbcenter_right\u00bb][et_pb_row column_structure=\u00bb1_2,1_2&#8243; _builder_version=\u00bb4.24.2&#8243; _module_preset=\u00bb5138c454-be54-4233-bd3b-f8e6a8747976&#8243; locked=\u00bboff\u00bb global_colors_info=\u00bb{}\u00bb][et_pb_column type=\u00bb1_2&#8243; _builder_version=\u00bb4.24.2&#8243; _module_preset=\u00bb73121f80-a3ef-4484-8763-c3f18e3c56d2&#8243; custom_padding=\u00bb60px||||false|false\u00bb custom_padding_tablet=\u00bb0px||||false|false\u00bb custom_padding_phone=\u00bb0px||||false|false\u00bb custom_padding_last_edited=\u00bbon|desktop\u00bb global_colors_info=\u00bb{}\u00bb][et_pb_heading title=\u00bbImpulsa tu Camino hacia el \u00c9xito Vial\u00bb _builder_version=\u00bb4.24.2&#8243; _module_preset=\u00bbddeb8c09-9078-4424-bc15-2efb6572e28e\u00bb title_font=\u00bbSyne|Syne_weight|||||||\u00bb locked=\u00bboff\u00bb global_colors_info=\u00bb{}\u00bb][\/et_pb_heading][et_pb_text _builder_version=\u00bb4.24.3&#8243; _module_preset=\u00bb2c55a9c4-feed-423b-9edb-ae0b5b365cac\u00bb text_font=\u00bbInter|Inter_weight|||||||\u00bb link_font=\u00bb|Inter_weight|||||||\u00bb link_text_color=\u00bb#03045e\u00bb quote_font=\u00bbSyne|Syne_weight|||||||\u00bb header_font=\u00bbSyne|Syne_weight|||||||\u00bb header_2_font=\u00bbSyne|Syne_weight|||||||\u00bb header_3_font=\u00bbSyne|Syne_weight|||||||\u00bb header_4_font=\u00bbSyne|Syne_weight|||||||\u00bb header_5_font=\u00bbSyne|Syne_weight|||||||\u00bb header_6_font=\u00bbSyne|Syne_weight|||||||\u00bb locked=\u00bboff\u00bb global_colors_info=\u00bb{}\u00bb]<\/p>\n<p>Descubre c\u00f3mo nuestros recursos y asociaciones te preparan para un futuro seguro en la carretera.<\/p>\n<p>[\/et_pb_text][et_pb_button button_text=\u00bbPedir informaci\u00f3n\u00bb _builder_version=\u00bb4.27.6&#8243; _module_preset=\u00bb1bffc0fc-42a0-49d1-bd9a-ae3ade2d7206&#8243; button_font=\u00bbInter|700|||||||\u00bb hover_enabled=\u00bb0&#8243; locked=\u00bboff\u00bb global_colors_info=\u00bb{}\u00bb button_icon=\u00bb&#x45;||divi||400&#8243; sticky_enabled=\u00bb0&#8243;][\/et_pb_button][\/et_pb_column][et_pb_column type=\u00bb1_2&#8243; _builder_version=\u00bb4.23.1&#8243; _module_preset=\u00bb73121f80-a3ef-4484-8763-c3f18e3c56d2&#8243; global_colors_info=\u00bb{}\u00bb][et_pb_image src=\u00bbhttps:\/\/images.unsplash.com\/photo-1774514168250-036a9460d730?ixid=M3w1ODkyNzF8MHwxfHNlYXJjaHwyfHxkcml2aW5nJTIwaW5zdHJ1Y3RvciUyMGxlc3NvbnxlbnwwfDJ8fHwxNzc1ODE2NTY5fDA&#038;ixlib=rb-4.1.0&#038;fm=webp&#038;fit=crop&#038;crop=entropy&#038;w=800&#038;h=800&#038;q=20&#038;dpr=2&#8243; title_text=\u00bb800&#215;800&#8243; _builder_version=\u00bb4.25.2&#8243; _module_preset=\u00bb1cc6152f-565c-4c4d-b0c9-cf8c9576c341&#8243; custom_margin=\u00bb|-10vw|||false|false\u00bb custom_margin_tablet=\u00bb|0vw|||false|false\u00bb custom_margin_phone=\u00bb|0vw|||false|false\u00bb custom_margin_last_edited=\u00bbon|tablet\u00bb box_shadow_style=\u00bbpreset4&#8243; box_shadow_horizontal=\u00bb0px\u00bb box_shadow_vertical=\u00bb24px\u00bb box_shadow_blur=\u00bb72px\u00bb box_shadow_spread=\u00bb-12px\u00bb locked=\u00bboff\u00bb global_colors_info=\u00bb{}\u00bb][\/et_pb_image][\/et_pb_column][\/et_pb_row][\/et_pb_section][et_pb_section fb_built=\u00bb1&#8243; theme_builder_area=\u00bbpost_content\u00bb _builder_version=\u00bb4.27.6&#8243; _module_preset=\u00bbdefault\u00bb background_enable_mask_style=\u00bbon\u00bb background_mask_style=\u00bbcorner-square\u00bb global_colors_info=\u00bb{%22gcid-primary-color%22:%91%22background_mask_color%22%93}\u00bb background_mask_color=\u00bbgcid-primary-color\u00bb background_mask_transform=\u00bbflip_horizontal|invert\u00bb background_mask_size=\u00bbcover\u00bb hover_enabled=\u00bb0&#8243; sticky_enabled=\u00bb0&#8243; background_mask_position=\u00bbbottom_left\u00bb background_mask_horizontal_offset=\u00bb105%\u00bb background_mask_vertical_offset=\u00bb84%\u00bb][et_pb_row _builder_version=\u00bb4.18.0&#8243; _module_preset=\u00bb5138c454-be54-4233-bd3b-f8e6a8747976&#8243; global_colors_info=\u00bb{}\u00bb column_structure=\u00bb1_2,1_2&#8243; theme_builder_area=\u00bbpost_content\u00bb custom_padding=\u00bb27px|||||\u00bb][et_pb_column type=\u00bb1_2&#8243; _builder_version=\u00bb4.16&#8243; _module_preset=\u00bb73121f80-a3ef-4484-8763-c3f18e3c56d2&#8243; global_colors_info=\u00bb{}\u00bb theme_builder_area=\u00bbpost_content\u00bb][et_pb_heading title=\u00bbNuestros Socios\u00bb _builder_version=\u00bb4.27.6&#8243; _module_preset=\u00bbc33f07d9-41e0-421a-8799-5799df695cce\u00bb title_font=\u00bbSyne|Syne_weight|||||||\u00bb title_text_align=\u00bbright\u00bb title_text_color=\u00bb#FFFFFF\u00bb hover_enabled=\u00bb0&#8243; locked=\u00bboff\u00bb global_colors_info=\u00bb{}\u00bb theme_builder_area=\u00bbpost_content\u00bb sticky_enabled=\u00bb0&#8243; custom_margin=\u00bb|-43px|10px||false|false\u00bb][\/et_pb_heading][\/et_pb_column][et_pb_column type=\u00bb1_2&#8243; _builder_version=\u00bb4.16&#8243; _module_preset=\u00bb73121f80-a3ef-4484-8763-c3f18e3c56d2&#8243; global_colors_info=\u00bb{}\u00bb theme_builder_area=\u00bbpost_content\u00bb][et_pb_heading title=\u00bbde Confianza\u00bb _builder_version=\u00bb4.27.6&#8243; _module_preset=\u00bbc33f07d9-41e0-421a-8799-5799df695cce\u00bb title_font=\u00bbSyne|Syne_weight|||||||\u00bb title_text_align=\u00bbleft\u00bb title_text_color=\u00bbgcid-primary-color\u00bb hover_enabled=\u00bb0&#8243; locked=\u00bboff\u00bb global_colors_info=\u00bb{%22gcid-primary-color%22:%91%22title_text_color%22%93}\u00bb theme_builder_area=\u00bbpost_content\u00bb sticky_enabled=\u00bb0&#8243; custom_margin=\u00bb||10px|16px|false|false\u00bb][\/et_pb_heading][\/et_pb_column][\/et_pb_row][et_pb_row column_structure=\u00bb1_3,1_3,1_3&#8243; _builder_version=\u00bb4.24.3&#8243; _module_preset=\u00bbdefault\u00bb global_colors_info=\u00bb{}\u00bb theme_builder_area=\u00bbpost_content\u00bb][et_pb_column type=\u00bb1_3&#8243; _builder_version=\u00bb4.24.3&#8243; _module_preset=\u00bbdefault\u00bb global_colors_info=\u00bb{}\u00bb theme_builder_area=\u00bbpost_content\u00bb][et_pb_image src=\u00bbhttps:\/\/lacontestana.com\/wp-content\/uploads\/2026\/04\/AEOL-300&#215;105-1.jpg\u00bb title_text=\u00bbAEOL-300&#215;105-1&#8243; _builder_version=\u00bb4.27.6&#8243; _module_preset=\u00bbdefault\u00bb locked=\u00bboff\u00bb global_colors_info=\u00bb{}\u00bb theme_builder_area=\u00bbpost_content\u00bb][\/et_pb_image][\/et_pb_column][et_pb_column type=\u00bb1_3&#8243; _builder_version=\u00bb4.24.3&#8243; _module_preset=\u00bbdefault\u00bb global_colors_info=\u00bb{}\u00bb theme_builder_area=\u00bbpost_content\u00bb][et_pb_image src=\u00bbhttps:\/\/lacontestana.com\/wp-content\/uploads\/2026\/04\/Becas-AEOL-XV-aniversario.jpg\u00bb title_text=\u00bbBecas-AEOL-XV-aniversario\u00bb _builder_version=\u00bb4.27.6&#8243; _module_preset=\u00bbdefault\u00bb locked=\u00bboff\u00bb global_colors_info=\u00bb{}\u00bb theme_builder_area=\u00bbpost_content\u00bb][\/et_pb_image][\/et_pb_column][et_pb_column type=\u00bb1_3&#8243; _builder_version=\u00bb4.24.3&#8243; _module_preset=\u00bbdefault\u00bb global_colors_info=\u00bb{}\u00bb theme_builder_area=\u00bbpost_content\u00bb][et_pb_image src=\u00bbhttps:\/\/lacontestana.com\/wp-content\/uploads\/2026\/04\/logos-direccion-general-de-trafico1-300&#215;150-1.png\u00bb title_text=\u00bblogos-direccion-general-de-trafico1-300&#215;150-1&#8243; align=\u00bbcenter\u00bb _builder_version=\u00bb4.27.6&#8243; _module_preset=\u00bbdefault\u00bb max_height=\u00bb100px\u00bb global_colors_info=\u00bb{}\u00bb theme_builder_area=\u00bbpost_content\u00bb][\/et_pb_image][\/et_pb_column][\/et_pb_row][\/et_pb_section][et_pb_section fb_built=\u00bb1&#8243; admin_label=\u00bbText\u00bb _builder_version=\u00bb4.27.6&#8243; _module_preset=\u00bbdefault\u00bb background_color=\u00bbgcid-primary-color\u00bb use_background_color_gradient=\u00bbon\u00bb background_color_gradient_direction=\u00bb90deg\u00bb background_color_gradient_stops=\u00bbgcid-primary-color 37%|rgba(0,0,0,0.5) 100%\u00bb background_color_gradient_overlays_image=\u00bbon\u00bb background_color_gradient_start=\u00bbrgba(0,0,0,0.5)\u00bb background_color_gradient_end=\u00bbrgba(0,0,0,0.75)\u00bb background_image=\u00bbhttps:\/\/images.unsplash.com\/photo-1667020854803-0305af085242?ixid=M3w1ODkyNzF8MHwxfHNlYXJjaHwzfHxkcml2aW5nJTIwaW5zdHJ1Y3RvciUyMGxlc3NvbnxlbnwwfDB8fHwxNzc1ODE2NTY5fDA&#038;ixlib=rb-4.1.0&#038;fm=webp&#038;fit=crop&#038;crop=entropy&#038;w=1920&#038;h=1080&#038;q=20&#038;dpr=2&#8243; custom_padding=\u00bb3vw||3vw||true|false\u00bb locked=\u00bboff\u00bb collapsed=\u00bbon\u00bb global_colors_info=\u00bb{%22#03045e%22:%91%22background_color_gradient_stops%22%93,%22gcid-primary-color%22:%91%22background_color%22,%22background_color_gradient_stops%22%93}\u00bb][et_pb_row custom_padding_last_edited=\u00bbon|desktop\u00bb _builder_version=\u00bb4.24.3&#8243; _module_preset=\u00bb5138c454-be54-4233-bd3b-f8e6a8747976&#8243; background_color=\u00bb#FFFFFF\u00bb custom_padding=\u00bb60px|60px|60px|60px|true|true\u00bb custom_padding_tablet=\u00bb30px|30px|30px|30px|true|true\u00bb custom_padding_phone=\u00bb20px|20px|20px|20px|true|true\u00bb border_radii=\u00bbon|6px|6px|6px|6px\u00bb global_colors_info=\u00bb{%22gcid-36fd78a7-34bc-404d-873c-dafa34efaae5%22:%91%22icon_color%22,%22icon_color%22,%22icon_color%22,%22color%22%93,%22gcid-7cadd8b3-5228-48e4-90c4-212d09232f7b%22:%91%22header_text_color%22,%22color%22%93,%22gcid-9a15b43a-75da-4015-a522-d0ef1179ded7%22:%91%22body_text_color%22%93}\u00bb][et_pb_column type=\u00bb4_4&#8243; _builder_version=\u00bb4.18.0&#8243; _module_preset=\u00bb73121f80-a3ef-4484-8763-c3f18e3c56d2&#8243; global_colors_info=\u00bb{}\u00bb][et_pb_heading title=\u00bbEjemplos de Tests Oficiales\u00bb _builder_version=\u00bb4.25.1&#8243; _module_preset=\u00bbf0c675ea-2574-4d0e-b725-30f8550a8550&#8243; title_font=\u00bbInter|Syne_weight||on|||||\u00bb title_text_align=\u00bbcenter\u00bb title_text_color=\u00bb#0077b6&#8243; locked=\u00bboff\u00bb global_colors_info=\u00bb{%22#0077b6%22:%91%22title_text_color%22%93}\u00bb][\/et_pb_heading][et_pb_heading title=\u00bbAccede a los Tests de la DGT\u00bb _builder_version=\u00bb4.24.2&#8243; _module_preset=\u00bbba4a6336-701f-47b8-bf5c-09da0ce28016&#8243; title_font=\u00bbSyne|Syne_weight|||||||\u00bb title_text_align=\u00bbcenter\u00bb locked=\u00bboff\u00bb global_colors_info=\u00bb{}\u00bb][\/et_pb_heading][et_pb_text _builder_version=\u00bb4.24.3&#8243; _module_preset=\u00bb2c55a9c4-feed-423b-9edb-ae0b5b365cac\u00bb text_font=\u00bbInter|Inter_weight|||||||\u00bb link_font=\u00bb|Inter_weight|||||||\u00bb link_text_color=\u00bb#03045e\u00bb quote_font=\u00bbSyne|Syne_weight|||||||\u00bb header_font=\u00bbSyne|Syne_weight|||||||\u00bb header_2_font=\u00bbSyne|Syne_weight|||||||\u00bb header_3_font=\u00bbSyne|Syne_weight|||||||\u00bb header_4_font=\u00bbSyne|Syne_weight|||||||\u00bb header_5_font=\u00bbSyne|Syne_weight|||||||\u00bb header_6_font=\u00bbSyne|Syne_weight|||||||\u00bb text_orientation=\u00bbcenter\u00bb locked=\u00bboff\u00bb global_colors_info=\u00bb{%22#03045e%22:%91%22link_text_color%22%93,%22#0e0c19%22:%91%22header_text_color%22,%22header_4_text_color%22,%22header_3_text_color%22,%22header_2_text_color%22,%22header_5_text_color%22,%22header_6_text_color%22,%22quote_text_color%22%93,%22#3c3a47%22:%91%22text_text_color%22%93,%22#0077b6%22:%91%22quote_border_color%22%93,%22gcid-36fd78a7-34bc-404d-873c-dafa34efaae5%22:%91%22icon_color%22,%22icon_color%22%93}\u00bb body_font_size_tablet=\u00bb15px\u00bb body_font_size_phone=\u00bb14px\u00bb body_font_size_last_edited=\u00bbon|desktop\u00bb]<\/p>\n<p>En Autoescuelas Monje-LaContestana, ofrecemos acceso a tests oficiales de la Direcci\u00f3n General de Tr\u00e1fico. Puedes explorar ejemplos en la p\u00e1gina oficial de la DGT para asegurarte de que est\u00e1s practicando con el material m\u00e1s actualizado y relevante. Nuestra colaboraci\u00f3n con la plataforma AEOL Seguridad Vial garantiza que puedas realizar tus tests en l\u00ednea de manera eficiente. Inscr\u00edbete con nosotros y comienza tu preparaci\u00f3n hoy mismo.<\/p>\n<p>[\/et_pb_text][\/et_pb_column][\/et_pb_row][et_pb_row column_structure=\u00bb1_3,1_3,1_3&#8243; _builder_version=\u00bb4.27.6&#8243; _module_preset=\u00bbdefault\u00bb global_colors_info=\u00bb{}\u00bb][et_pb_column type=\u00bb1_3&#8243; _builder_version=\u00bb4.27.6&#8243; _module_preset=\u00bbdefault\u00bb global_colors_info=\u00bb{}\u00bb][\/et_pb_column][et_pb_column type=\u00bb1_3&#8243; _builder_version=\u00bb4.27.6&#8243; _module_preset=\u00bbdefault\u00bb global_colors_info=\u00bb{}\u00bb][et_pb_button button_text=\u00bbAcceder\u00bb button_alignment=\u00bbcenter\u00bb _builder_version=\u00bb4.27.6&#8243; _module_preset=\u00bbdefault\u00bb button_text_color=\u00bb#000000&#8243; button_bg_color=\u00bb#FFFFFF\u00bb button_border_width=\u00bb1px\u00bb hover_enabled=\u00bb0&#8243; global_colors_info=\u00bb{%22gcid-primary-color%22:%91%22button_bg_color%22,%22button_bg_color__hover%22%93}\u00bb button_bg_color__hover_enabled=\u00bbon|desktop\u00bb button_bg_color__hover=\u00bb#3d2b99&#8243; button_bg_enable_color__hover=\u00bbon\u00bb button_text_color__hover_enabled=\u00bbon|hover\u00bb button_text_color__hover=\u00bb#FFFFFF\u00bb sticky_enabled=\u00bb0&#8243;][\/et_pb_button][\/et_pb_column][et_pb_column type=\u00bb1_3&#8243; _builder_version=\u00bb4.27.6&#8243; _module_preset=\u00bbdefault\u00bb global_colors_info=\u00bb{}\u00bb][\/et_pb_column][\/et_pb_row][\/et_pb_section][et_pb_section fb_built=\u00bb1&#8243; admin_label=\u00bbCall to Action\u00bb _builder_version=\u00bb4.27.6&#8243; _module_preset=\u00bbdefault\u00bb hover_enabled=\u00bb0&#8243; locked=\u00bboff\u00bb collapsed=\u00bbon\u00bb global_colors_info=\u00bb{%22gcid-primary-color%22:%91%22background_mask_color%22%93}\u00bb background_enable_mask_style=\u00bbon\u00bb background_mask_color=\u00bbgcid-primary-color\u00bb background_mask_style=\u00bbtriangles\u00bb background_mask_transform=\u00bbinvert\u00bb background_mask_size=\u00bbcover\u00bb sticky_enabled=\u00bb0&#8243;][et_pb_row _builder_version=\u00bb4.27.6&#8243; _module_preset=\u00bb5138c454-be54-4233-bd3b-f8e6a8747976&#8243; hover_enabled=\u00bb0&#8243; global_colors_info=\u00bb{}\u00bb column_structure=\u00bb2_3,1_3&#8243; max_width=\u00bb1790px\u00bb sticky_enabled=\u00bb0&#8243;][et_pb_column type=\u00bb2_3&#8243; _builder_version=\u00bb4.16&#8243; _module_preset=\u00bb73121f80-a3ef-4484-8763-c3f18e3c56d2&#8243; global_colors_info=\u00bb{}\u00bb][et_pb_heading title=\u00bbAccede a los Tests Online\u00bb _builder_version=\u00bb4.27.6&#8243; _module_preset=\u00bbf0c675ea-2574-4d0e-b725-30f8550a8550&#8243; title_font=\u00bbInter|Syne_weight||on|||||\u00bb title_text_color=\u00bbgcid-primary-color\u00bb hover_enabled=\u00bb0&#8243; locked=\u00bboff\u00bb global_colors_info=\u00bb{%22gcid-primary-color%22:%91%22title_text_color%22%93}\u00bb sticky_enabled=\u00bb0&#8243;][\/et_pb_heading][et_pb_heading title=\u00bbRealiza tus Tests con AEOL Seguridad Vial\u00bb _builder_version=\u00bb4.24.3&#8243; _module_preset=\u00bbc33f07d9-41e0-421a-8799-5799df695cce\u00bb title_font=\u00bbSyne|Syne_weight|||||||\u00bb locked=\u00bboff\u00bb global_colors_info=\u00bb{%22#0e0c19%22:%91%22title_text_color%22,%22title_text_color%22%93}\u00bb custom_padding=\u00bb|0px||||\u00bb][\/et_pb_heading][\/et_pb_column][et_pb_column type=\u00bb1_3&#8243; _builder_version=\u00bb4.27.6&#8243; _module_preset=\u00bb73121f80-a3ef-4484-8763-c3f18e3c56d2&#8243; hover_enabled=\u00bb0&#8243; global_colors_info=\u00bb{}\u00bb custom_padding=\u00bb40px||||false|false\u00bb sticky_enabled=\u00bb0&#8243;][et_pb_button button_text=\u00bbhacer test\u00bb button_alignment=\u00bbleft\u00bb _builder_version=\u00bb4.27.6&#8243; _module_preset=\u00bbab15fb74-61a3-43aa-96b3-41e09aeef654&#8243; button_text_color=\u00bb#FFFFFF\u00bb button_font=\u00bbInter|700|||||||\u00bb hover_enabled=\u00bb0&#8243; global_colors_info=\u00bb{%22gcid-primary-color%22:%91%22button_bg_color%22%93}\u00bb button_bg_color=\u00bbgcid-primary-color\u00bb button_bg_enable_color=\u00bbon\u00bb sticky_enabled=\u00bb0&#8243;][\/et_pb_button][\/et_pb_column][\/et_pb_row][et_pb_row column_structure=\u00bb3_5,2_5&#8243; _builder_version=\u00bb4.27.6&#8243; _module_preset=\u00bb333b8a65-5730-490d-b80e-51611171c668&#8243; hover_enabled=\u00bb0&#8243; border_radii=\u00bbon|6px|6px|6px|6px\u00bb global_colors_info=\u00bb{}\u00bb sticky_enabled=\u00bb0&#8243;][et_pb_column type=\u00bb3_5&#8243; _builder_version=\u00bb4.17.6&#8243; _module_preset=\u00bb73121f80-a3ef-4484-8763-c3f18e3c56d2&#8243; global_colors_info=\u00bb{}\u00bb][et_pb_heading title=\u00bbParticipa en las Becas AEOL\u00bb _builder_version=\u00bb4.24.3&#8243; _module_preset=\u00bbc33f07d9-41e0-421a-8799-5799df695cce\u00bb title_font=\u00bbSyne|Syne_weight|||||||\u00bb title_text_color=\u00bb#FFFFFF\u00bb global_colors_info=\u00bb{}\u00bb][\/et_pb_heading][et_pb_text _builder_version=\u00bb4.24.2&#8243; _module_preset=\u00bb0504de1e-f5ff-4281-ba60-cbbe4edf98bc\u00bb text_font=\u00bbInter|Inter_weight|||||||\u00bb quote_font=\u00bbSyne|Syne_weight|||||||\u00bb header_font=\u00bbSyne|Syne_weight|||||||\u00bb header_2_font=\u00bbSyne|Syne_weight|||||||\u00bb header_3_font=\u00bbSyne|Syne_weight|||||||\u00bb header_4_font=\u00bbSyne|Syne_weight|||||||\u00bb header_5_font=\u00bbSyne|Syne_weight|||||||\u00bb header_6_font=\u00bbSyne|Syne_weight|||||||\u00bb locked=\u00bboff\u00bb global_colors_info=\u00bb{%22gcid-36fd78a7-34bc-404d-873c-dafa34efaae5%22:%91%22icon_color%22,%22icon_color%22,%22icon_color%22,%22icon_color%22,%22link_text_color%22,%22icon_color%22,%22icon_color%22,%22icon_color%22,%22icon_color%22,%22link_text_color%22%93}\u00bb]<\/p>\n<p>Inscr\u00edbete ahora para tener la oportunidad de ganar 500\u20ac para tu carnet de conducir. Completa el test de Seguridad Vial y aumenta tus posibilidades enviando una foto con tu libro de AEOL.<\/p>\n<p>[\/et_pb_text][\/et_pb_column][et_pb_column type=\u00bb2_5&#8243; _builder_version=\u00bb4.18.0&#8243; _module_preset=\u00bb73121f80-a3ef-4484-8763-c3f18e3c56d2&#8243; global_colors_info=\u00bb{}\u00bb][et_pb_button button_text=\u00bbInscribirme Ahora\u00bb button_alignment=\u00bbright\u00bb _builder_version=\u00bb4.23.1&#8243; _module_preset=\u00bbab15fb74-61a3-43aa-96b3-41e09aeef654&#8243; button_text_color=\u00bb#03045e\u00bb button_font=\u00bbInter|700|||||||\u00bb global_colors_info=\u00bb{}\u00bb][\/et_pb_button][\/et_pb_column][\/et_pb_row][\/et_pb_section]<\/p>\n","protected":false},"excerpt":{"rendered":"<p>Descubre c\u00f3mo nuestros recursos y asociaciones te preparan para un futuro seguro en la carretera.En Autoescuelas Monje-LaContestana, ofrecemos acceso a tests oficiales de la Direcci\u00f3n General de Tr\u00e1fico. Puedes explorar ejemplos en la p\u00e1gina oficial de la DGT para asegurarte de que est\u00e1s practicando con el material m\u00e1s actualizado y relevante. Nuestra colaboraci\u00f3n con la [&hellip;]<\/p>\n","protected":false},"author":1,"featured_media":0,"parent":0,"menu_order":0,"comment_status":"closed","ping_status":"closed","template":"","meta":{"_et_pb_use_builder":"on","_et_pb_old_content":"","_et_gb_content_width":"","footnotes":""},"class_list":["post-286","page","type-page","status-publish","hentry"],"_links":{"self":[{"href":"https:\/\/lacontestana.com\/ar\/wp-json\/wp\/v2\/pages\/286","targetHints":{"allow":["GET"]}}],"collection":[{"href":"https:\/\/lacontestana.com\/ar\/wp-json\/wp\/v2\/pages"}],"about":[{"href":"https:\/\/lacontestana.com\/ar\/wp-json\/wp\/v2\/types\/page"}],"author":[{"embeddable":true,"href":"https:\/\/lacontestana.com\/ar\/wp-json\/wp\/v2\/users\/1"}],"replies":[{"embeddable":true,"href":"https:\/\/lacontestana.com\/ar\/wp-json\/wp\/v2\/comments?post=286"}],"version-history":[{"count":3,"href":"https:\/\/lacontestana.com\/ar\/wp-json\/wp\/v2\/pages\/286\/revisions"}],"predecessor-version":[{"id":294,"href":"https:\/\/lacontestana.com\/ar\/wp-json\/wp\/v2\/pages\/286\/revisions\/294"}],"wp:attachment":[{"href":"https:\/\/lacontestana.com\/ar\/wp-json\/wp\/v2\/media?parent=286"}],"curies":[{"name":"wp","href":"https:\/\/api.w.org\/{rel}","templated":true}]}}