{"id":425,"date":"2026-04-28T15:33:27","date_gmt":"2026-04-28T15:33:27","guid":{"rendered":"https:\/\/lacontestana.com\/?page_id=425"},"modified":"2026-04-28T15:33:30","modified_gmt":"2026-04-28T15:33:30","slug":"politica-de-privacidad","status":"publish","type":"page","link":"http:\/\/lacontestana.com\/es_es\/politica-de-privacidad\/","title":{"rendered":"POL\u00cdTICA DE PRIVACIDAD"},"content":{"rendered":"\n<p>IV\u00c1N GONZ\u00c1LEZ OLIVARES, se compromete a proteger su privacidad. Esta Pol\u00edtica de Privacidad explica c\u00f3mo recopilamos y utilizamos sus datos personales y qu\u00e9 derechos y opciones tiene al respecto. Consulte tambi\u00e9n nuestra Pol\u00edtica de cookies que explica el uso de cookies y otros dispositivos de seguimiento de la web a trav\u00e9s de nuestro sitio web.<\/p>\n\n\n\n<p>\u00bfQui\u00e9n es el responsable del tratamiento de sus datos personales?<\/p>\n\n\n\n<p>IV\u00c1N GONZ\u00c1LEZ OLIVARES con N.I.F. 21.678.235-E, domicilio social en AVDA. PA\u00cdS VALENCI\u00c1 N\u00ba 119, BAJO. C.P- 03820 &#8211; COCENTAINA &#8211; ALICANTE con n\u00famero de tel\u00e9fono 966-33.74.54 y e-mail: info@lacontestana.com es el responsable del tratamiento de sus datos de car\u00e1cter personal. Por tanto, nosotros le garantizamos su seguridad y tratamiento confidencial, de conformidad con lo dispuesto en el REGLAMENTO EUROPEO DE PROTECCION DE DATOS (UE) 679\/2016, as\u00ed como cualquier otra normativa que resulte de aplicaci\u00f3n.<\/p>\n\n\n\n<p>\u00bfCon que fines utilizamos sus datos personales?<\/p>\n\n\n\n<p>En IV\u00c1N GONZ\u00c1LEZ OLIVARES utilizamos sus datos en la medida en que sea permitido por el RGPD, as\u00ed como por la normativa vigente que sea de aplicaci\u00f3n. En todo caso el tratamiento se har\u00e1 para fines determinados, expl\u00edcitos y leg\u00edtimos, y en ning\u00fan caso ser\u00e1n tratados de manera incompatible para dichos fines. En concreto se llevar\u00e1n a cabo los siguientes tratamientos:<br>Contestar a sus consultas, solicitudes o peticiones.<br>Gestionar la relaci\u00f3n contractual y la prestaci\u00f3n de los servicios de consulta solicitados por el cliente.<br>Gestionar sus llamadas telef\u00f3nicas.<br>Emitir justificantes de cobro por los servicios prestados en favor del cliente.<br>Para el correcto desempe\u00f1o del servicio solicitado, se tratar\u00e1n los datos personales del cliente necesarios para un seguimiento de la evoluci\u00f3n de este durante la prestaci\u00f3n del servicio.<br>Realizar todos aquellos tr\u00e1mites administrativos, fiscales y contables necesarios para cumplir con nuestros compromisos contractuales y obligaciones fiscales y contables.<br>Cumplimiento de nuestras obligaciones legales.<br>Analizar y mejorar nuestros servicios y comunicaciones con usted.<br>Supervisar y evaluar el cumplimiento de nuestras pol\u00edticas y normas.<br>Gestionar env\u00edo de informaci\u00f3n y prospecci\u00f3n comercial por cualquier v\u00eda en caso de consentimiento expl\u00edcito.<\/p>\n\n\n\n<p>\u00bfCu\u00e1l es la legitimaci\u00f3n para el tratamiento de sus datos?<\/p>\n\n\n\n<p>La legitimaci\u00f3n de los tratamientos de los datos personales que llevamos a cabo se hace en todo momento en cumplimiento con lo dispuesto en el art\u00edculo 6 del RGPD, as\u00ed como en el art\u00edculo 8 de la Ley Org\u00e1nica 3\/2018. En los casos en que la legitimaci\u00f3n para la finalidad principal del uso de datos no se encuentre en ninguna de las bases jur\u00eddicas anteriores, se solicitar\u00e1 el consentimiento del interesado para el tratamiento.<\/p>\n\n\n\n<p>\u00bfCu\u00e1nto tiempo conservamos tus datos?<\/p>\n\n\n\n<p>Los datos personales ser\u00e1n conservados durante el tiempo necesario para la prestaci\u00f3n del servicio o mientras el interesado no retire su consentimiento. Posteriormente, los datos ser\u00e1n suprimidos conforme a lo dispuesto en la normativa de protecci\u00f3n de datos, lo que implica su bloqueo, estando disponibles tan solo a solicitud de Jueces y tribunales, Defensor del Pueblo, Ministerio Fiscal o las Administraciones P\u00fablicas competentes durante el plazo de prescripci\u00f3n de las acciones que pudieran derivar y, transcurrido \u00e9ste, se proceder\u00e1 a su completa eliminaci\u00f3n.<\/p>\n\n\n\n<p>\u00bfCon qui\u00e9n compartimos tus datos?<\/p>\n\n\n\n<div class=\"wp-block-group is-layout-constrained wp-block-group-is-layout-constrained\">\n<p>Le informamos que los datos proporcionados, ser\u00e1n comunicados a los diferentes proveedores de productos y servicios, que sean necesarios para la ejecuci\u00f3n del tratamiento solicitado. Nuestros proveedores est\u00e1n obligados a utilizar los datos proporcionados \u00fanica y exclusivamente para el cumplimiento del servicio solicitado. Los datos personales tratados por IV\u00c1N GONZ\u00c1LEZ OLIVARES para alcanzar las finalidades detalladas anteriormente podr\u00e1n ser comunicados a los siguientes destinatarios en funci\u00f3n de la base legitimadora de la comunicaci\u00f3n:<br>Las Administraciones P\u00fablicas en los casos previstos por la Ley.<br>Las Fuerzas y Cuerpos de Seguridad del Estado.<br>Los bancos y entidades financieras para el cobro de los servicios contratados.<br>Los registros p\u00fablicos de solvencia patrimonial y a los sistemas de prevenci\u00f3n contra el fraude<\/p>\n<\/div>\n\n\n\n<p>\u00bfCu\u00e1les son sus derechos?<\/p>\n\n\n\n<p>Derechos:<\/p>\n\n\n\n<p>En particular, independientemente de la finalidad o la base legal en virtud de la que tratemos sus datos, tiene derecho a:<br>\uf0b7 Derecho de acceso: cualquier persona tiene derecho a obtener confirmaci\u00f3n sobre si IV\u00c1N GONZ\u00c1LEZ OLIVARES est\u00e1 tratando datos personales que le conciernan.<br>\uf0b7 Derecho de rectificaci\u00f3n: Usted tiene derecho a acceder a sus datos personales de los que disponemos y solicitar su rectificaci\u00f3n cuando estos sean inexactos.<br>\uf0b7 Derecho de supresi\u00f3n: cuando los datos recabados ya no sean necesarios para la finalidad para los fines que fueron recabados.<br>\uf0b7 Derecho a la limitaci\u00f3n del tratamiento: podr\u00e1 solicitar la limitaci\u00f3n del tratamiento de sus datos y solicitar que se conserven para el ejercicio o defensa de reclamaciones.<br>\uf0b7 Derecho de portabilidad: tiene derecho a obtener los datos personales que les incumben en un formato estructurado de uso com\u00fan y lectura mec\u00e1nica y a transmitirlos a otro responsable.<br>\uf0b7 Derecho a retirar consentimiento: el derecho a retirar cualquier consentimiento que usted nos haya dado previamente para manejar su informaci\u00f3n personal. Si retira su consentimiento, esto no afectar\u00e1 a la legalidad del uso que le dimos a su informaci\u00f3n personal antes de que retirar\u00e1 su consentimiento<br>\u00bfC\u00f3mo puede ejercer sus derechos?<br>IV\u00c1N GONZ\u00c1LEZ OLIVARES se compromete a respetar la confidencialidad de sus datos personales y a garantizarle el ejercicio de sus derechos. Puede ejercitarlos sin coste alguno escribi\u00e9ndonos un correo electr\u00f3nico a nuestra direcci\u00f3n info@lacontestana.com simplemente indic\u00e1ndonos el motivo de su solicitud y el derecho que quiere ejercitar, inform\u00e1ndole que es imprescindible, seg\u00fan Ley, que aporte copia de DNI o NIE. Le informamos tambi\u00e9n que, siguiendo con nuestra pol\u00edtica de transparencia, puede solicitar los formularios de los derechos por cualquiera de los medios siguientes: en la propia sede o por email. Se le informa que tambi\u00e9n puede ejercer sus derechos presentando una declaraci\u00f3n ante la autoridad de control competente, cuando no haya obtenido satisfacci\u00f3n en el ejercicio de sus derechos.<\/p>\n\n\n\n<p>\u00bfQuieres un formulario para el ejercicio de Derechos?<\/p>\n\n\n\n<p>Tenemos formularios para el ejercicio de tus derechos, p\u00eddenoslos por email o si lo prefieres, puedes usar los elaborados por la Agencia Espa\u00f1ola de Protecci\u00f3n de Datos o terceros.<br>Estos formularios deben ir firmados electr\u00f3nicamente o ser acompa\u00f1ados de fotocopia del DNI.<br>Si te representa alguien, debes adjuntarnos copia de su DNI, o que lo firme con su firma electr\u00f3nica.<br>Los formularios pueden ser presentados presencialmente, enviados por carta o por mail en la direcci\u00f3n del Responsable al inicio de este texto.<\/p>\n","protected":false},"excerpt":{"rendered":"<p>IV\u00c1N GONZ\u00c1LEZ OLIVARES, se compromete a proteger su privacidad. Esta Pol\u00edtica de Privacidad explica c\u00f3mo recopilamos y utilizamos sus datos personales y qu\u00e9 derechos y opciones tiene al respecto. Consulte tambi\u00e9n nuestra Pol\u00edtica de cookies que explica el uso de cookies y otros dispositivos de seguimiento de la web a trav\u00e9s de nuestro sitio web. [&hellip;]<\/p>\n","protected":false},"author":1,"featured_media":0,"parent":0,"menu_order":0,"comment_status":"closed","ping_status":"closed","template":"","meta":{"_et_pb_use_builder":"off","_et_pb_old_content":"","_et_gb_content_width":"","footnotes":""},"class_list":["post-425","page","type-page","status-publish","hentry"],"_links":{"self":[{"href":"http:\/\/lacontestana.com\/es_es\/wp-json\/wp\/v2\/pages\/425","targetHints":{"allow":["GET"]}}],"collection":[{"href":"http:\/\/lacontestana.com\/es_es\/wp-json\/wp\/v2\/pages"}],"about":[{"href":"http:\/\/lacontestana.com\/es_es\/wp-json\/wp\/v2\/types\/page"}],"author":[{"embeddable":true,"href":"http:\/\/lacontestana.com\/es_es\/wp-json\/wp\/v2\/users\/1"}],"replies":[{"embeddable":true,"href":"http:\/\/lacontestana.com\/es_es\/wp-json\/wp\/v2\/comments?post=425"}],"version-history":[{"count":1,"href":"http:\/\/lacontestana.com\/es_es\/wp-json\/wp\/v2\/pages\/425\/revisions"}],"predecessor-version":[{"id":426,"href":"http:\/\/lacontestana.com\/es_es\/wp-json\/wp\/v2\/pages\/425\/revisions\/426"}],"wp:attachment":[{"href":"http:\/\/lacontestana.com\/es_es\/wp-json\/wp\/v2\/media?parent=425"}],"curies":[{"name":"wp","href":"https:\/\/api.w.org\/{rel}","templated":true}]}}